{"id":28687,"date":"2025-07-31T09:17:52","date_gmt":"2025-07-31T09:17:52","guid":{"rendered":"https:\/\/stage.sqfin.com\/?page_id=28687"},"modified":"2025-08-26T09:47:32","modified_gmt":"2025-08-26T09:47:32","slug":"loyalty-program","status":"publish","type":"page","link":"https:\/\/portal-sq.io\/vi\/loyalty-program\/","title":{"rendered":"Ch\u01b0\u01a1ng tr\u00ecnh kh\u00e1ch h\u00e0ng th\u00e2n thi\u1ebft"},"content":{"rendered":"","protected":false},"excerpt":{"rendered":"","protected":false},"author":7,"featured_media":0,"parent":0,"menu_order":0,"comment_status":"closed","ping_status":"closed","template":"page-templates\/dynaflex.php","meta":{"inline_featured_image":false},"acf":[],"aioseo_notices":[],"_links":{"self":[{"href":"https:\/\/portal-sq.io\/vi\/wp-json\/wp\/v2\/pages\/28687"}],"collection":[{"href":"https:\/\/portal-sq.io\/vi\/wp-json\/wp\/v2\/pages"}],"about":[{"href":"https:\/\/portal-sq.io\/vi\/wp-json\/wp\/v2\/types\/page"}],"author":[{"embeddable":true,"href":"https:\/\/portal-sq.io\/vi\/wp-json\/wp\/v2\/users\/7"}],"replies":[{"embeddable":true,"href":"https:\/\/portal-sq.io\/vi\/wp-json\/wp\/v2\/comments?post=28687"}],"version-history":[{"count":4,"href":"https:\/\/portal-sq.io\/vi\/wp-json\/wp\/v2\/pages\/28687\/revisions"}],"predecessor-version":[{"id":28765,"href":"https:\/\/portal-sq.io\/vi\/wp-json\/wp\/v2\/pages\/28687\/revisions\/28765"}],"wp:attachment":[{"href":"https:\/\/portal-sq.io\/vi\/wp-json\/wp\/v2\/media?parent=28687"}],"curies":[{"name":"wp","href":"https:\/\/api.w.org\/{rel}","templated":true}]}}